{"id":63,"date":"2009-09-19T18:10:17","date_gmt":"2009-09-19T16:10:17","guid":{"rendered":"http:\/\/www.chiquibike.com\/?page_id=63"},"modified":"2014-06-02T19:22:47","modified_gmt":"2014-06-02T17:22:47","slug":"alquiler-de-bicicletas-de-mtb","status":"publish","type":"page","link":"https:\/\/www.chiquibike.com\/?page_id=63","title":{"rendered":"Alquiler de bicicletas MTB"},"content":{"rendered":"<p><a href=\"http:\/\/www.chiquibike.com\/wp-content\/uploads\/015.jpg\" rel=\"lightbox[63]\"><img loading=\"lazy\" decoding=\"async\" class=\"aligncenter size-large wp-image-516\" src=\"http:\/\/www.chiquibike.com\/wp-content\/uploads\/015-1024x768.jpg\" alt=\"015\" width=\"1024\" height=\"768\" srcset=\"https:\/\/www.chiquibike.com\/wp-content\/uploads\/015-1024x768.jpg 1024w, https:\/\/www.chiquibike.com\/wp-content\/uploads\/015-300x225.jpg 300w, https:\/\/www.chiquibike.com\/wp-content\/uploads\/015.jpg 1280w\" sizes=\"auto, (max-width: 1024px) 100vw, 1024px\" \/><\/a><\/p>\n<p><strong>Para m\u00e1s informaci\u00f3n llamar al m\u00f3vil: 629322031<\/strong><\/p>\n<p style=\"text-align: center;\"><img loading=\"lazy\" decoding=\"async\" class=\"aligncenter size-full wp-image-172\" title=\"0776735001222399396\" src=\"http:\/\/www.chiquibike.com\/wp-content\/uploads\/0776735001222399396.jpg\" alt=\"0776735001222399396\" width=\"480\" height=\"263\" \/><\/p>\n","protected":false},"excerpt":{"rendered":"<p>Para m\u00e1s informaci\u00f3n llamar al m\u00f3vil: 629322031<\/p>\n","protected":false},"author":1,"featured_media":0,"parent":15,"menu_order":0,"comment_status":"open","ping_status":"closed","template":"","meta":{"footnotes":""},"class_list":["post-63","page","type-page","status-publish","hentry"],"_links":{"self":[{"href":"https:\/\/www.chiquibike.com\/index.php?rest_route=\/wp\/v2\/pages\/63","targetHints":{"allow":["GET"]}}],"collection":[{"href":"https:\/\/www.chiquibike.com\/index.php?rest_route=\/wp\/v2\/pages"}],"about":[{"href":"https:\/\/www.chiquibike.com\/index.php?rest_route=\/wp\/v2\/types\/page"}],"author":[{"embeddable":true,"href":"https:\/\/www.chiquibike.com\/index.php?rest_route=\/wp\/v2\/users\/1"}],"replies":[{"embeddable":true,"href":"https:\/\/www.chiquibike.com\/index.php?rest_route=%2Fwp%2Fv2%2Fcomments&post=63"}],"version-history":[{"count":17,"href":"https:\/\/www.chiquibike.com\/index.php?rest_route=\/wp\/v2\/pages\/63\/revisions"}],"predecessor-version":[{"id":78,"href":"https:\/\/www.chiquibike.com\/index.php?rest_route=\/wp\/v2\/pages\/63\/revisions\/78"}],"up":[{"embeddable":true,"href":"https:\/\/www.chiquibike.com\/index.php?rest_route=\/wp\/v2\/pages\/15"}],"wp:attachment":[{"href":"https:\/\/www.chiquibike.com\/index.php?rest_route=%2Fwp%2Fv2%2Fmedia&parent=63"}],"curies":[{"name":"wp","href":"https:\/\/api.w.org\/{rel}","templated":true}]}}